{"id":328,"date":"2025-08-28T22:54:14","date_gmt":"2025-08-28T22:54:14","guid":{"rendered":"https:\/\/mytrela.com\/?post_type=product&#038;p=328"},"modified":"2025-10-17T00:16:27","modified_gmt":"2025-10-16T22:16:27","slug":"program-zywieniowy","status":"publish","type":"product","link":"https:\/\/mytrela.com\/pl\/produkt\/program-zywieniowy\/","title":{"rendered":"Program \u017bywieniowy"},"content":{"rendered":"","protected":false},"excerpt":{"rendered":"","protected":false},"featured_media":329,"comment_status":"open","ping_status":"closed","template":"","meta":[],"product_brand":[],"product_cat":[23],"product_tag":[],"class_list":{"0":"post-328","1":"product","2":"type-product","3":"status-publish","4":"has-post-thumbnail","6":"product_cat-bez-kategorii","8":"first","9":"instock","10":"sale","11":"virtual","12":"purchasable","13":"product-type-simple"},"yoast_head":"<!-- This site is optimized with the Yoast SEO plugin v26.1 - https:\/\/yoast.com\/wordpress\/plugins\/seo\/ -->\n<title>Program \u017bywieniowy - MyTrela.com<\/title>\n<meta name=\"description\" content=\"Jedyna aplikacja z diet\u0105, kt\u00f3r\u0105 uk\u0142ada specjalista. Codziennie nowy jad\u0142ospis, motywacja i edukacja. Zobacz jak zrzuci\u0107 10 kg bez wysi\u0142ku i \u0107wicze\u0144!\" \/>\n<meta name=\"robots\" content=\"index, follow, max-snippet:-1, max-image-preview:large, max-video-preview:-1\" \/>\n<link rel=\"canonical\" href=\"https:\/\/mytrela.com\/pl\/produkt\/program-zywieniowy\/\" \/>\n<meta property=\"og:locale\" content=\"pl_PL\" \/>\n<meta property=\"og:type\" content=\"article\" \/>\n<meta property=\"og:title\" content=\"Program \u017bywieniowy - MyTrela.com\" \/>\n<meta property=\"og:description\" content=\"Jedyna aplikacja z diet\u0105, kt\u00f3r\u0105 uk\u0142ada specjalista. Codziennie nowy jad\u0142ospis, motywacja i edukacja. Zobacz jak zrzuci\u0107 10 kg bez wysi\u0142ku i \u0107wicze\u0144!\" \/>\n<meta property=\"og:url\" content=\"https:\/\/mytrela.com\/pl\/produkt\/program-zywieniowy\/\" \/>\n<meta property=\"og:site_name\" content=\"MyTrela.com\" \/>\n<meta property=\"article:modified_time\" content=\"2025-10-16T22:16:27+00:00\" \/>\n<meta property=\"og:image\" content=\"https:\/\/mytrela.com\/wp-content\/uploads\/2025\/09\/Miniaturki-do-Wooo-Produkty-24.png\" \/>\n\t<meta property=\"og:image:width\" content=\"700\" \/>\n\t<meta property=\"og:image:height\" content=\"526\" \/>\n\t<meta property=\"og:image:type\" content=\"image\/png\" \/>\n<meta name=\"twitter:card\" content=\"summary_large_image\" \/>\n<meta name=\"twitter:label1\" content=\"Szacowany czas czytania\" \/>\n\t<meta name=\"twitter:data1\" content=\"1 minuta\" \/>\n<script type=\"application\/ld+json\" class=\"yoast-schema-graph\">{\"@context\":\"https:\/\/schema.org\",\"@graph\":[{\"@type\":\"WebPage\",\"@id\":\"https:\/\/mytrela.com\/pl\/produkt\/program-zywieniowy\/\",\"url\":\"https:\/\/mytrela.com\/pl\/produkt\/program-zywieniowy\/\",\"name\":\"Program \u017bywieniowy - MyTrela.com\",\"isPartOf\":{\"@id\":\"https:\/\/mytrela.com\/#website\"},\"primaryImageOfPage\":{\"@id\":\"https:\/\/mytrela.com\/pl\/produkt\/program-zywieniowy\/#primaryimage\"},\"image\":{\"@id\":\"https:\/\/mytrela.com\/pl\/produkt\/program-zywieniowy\/#primaryimage\"},\"thumbnailUrl\":\"https:\/\/mytrela.com\/wp-content\/uploads\/2025\/09\/Miniaturki-do-Wooo-Produkty-24.png\",\"datePublished\":\"2025-08-28T22:54:14+00:00\",\"dateModified\":\"2025-10-16T22:16:27+00:00\",\"description\":\"Jedyna aplikacja z diet\u0105, kt\u00f3r\u0105 uk\u0142ada specjalista. Codziennie nowy jad\u0142ospis, motywacja i edukacja. Zobacz jak zrzuci\u0107 10 kg bez wysi\u0142ku i \u0107wicze\u0144!\",\"breadcrumb\":{\"@id\":\"https:\/\/mytrela.com\/pl\/produkt\/program-zywieniowy\/#breadcrumb\"},\"inLanguage\":\"pl-PL\",\"potentialAction\":[{\"@type\":\"ReadAction\",\"target\":[\"https:\/\/mytrela.com\/pl\/produkt\/program-zywieniowy\/\"]}]},{\"@type\":\"ImageObject\",\"inLanguage\":\"pl-PL\",\"@id\":\"https:\/\/mytrela.com\/pl\/produkt\/program-zywieniowy\/#primaryimage\",\"url\":\"https:\/\/mytrela.com\/wp-content\/uploads\/2025\/09\/Miniaturki-do-Wooo-Produkty-24.png\",\"contentUrl\":\"https:\/\/mytrela.com\/wp-content\/uploads\/2025\/09\/Miniaturki-do-Wooo-Produkty-24.png\",\"width\":700,\"height\":526,\"caption\":\"Dieta w aplikacji MyTrela\"},{\"@type\":\"BreadcrumbList\",\"@id\":\"https:\/\/mytrela.com\/pl\/produkt\/program-zywieniowy\/#breadcrumb\",\"itemListElement\":[{\"@type\":\"ListItem\",\"position\":1,\"name\":\"Home\",\"item\":\"https:\/\/mytrela.com\/pl\/\"},{\"@type\":\"ListItem\",\"position\":2,\"name\":\"Products\",\"item\":\"https:\/\/mytrela.com\/shop__trashed\/\"},{\"@type\":\"ListItem\",\"position\":3,\"name\":\"Program \u017bywieniowy\"}]},{\"@type\":\"WebSite\",\"@id\":\"https:\/\/mytrela.com\/#website\",\"url\":\"https:\/\/mytrela.com\/\",\"name\":\"MyTrela.com\",\"description\":\"Dieta u\u0142o\u017cona pod Ciebie w Aplikacji Mobilnej\",\"publisher\":{\"@id\":\"https:\/\/mytrela.com\/#organization\"},\"potentialAction\":[{\"@type\":\"SearchAction\",\"target\":{\"@type\":\"EntryPoint\",\"urlTemplate\":\"https:\/\/mytrela.com\/?s={search_term_string}\"},\"query-input\":{\"@type\":\"PropertyValueSpecification\",\"valueRequired\":true,\"valueName\":\"search_term_string\"}}],\"inLanguage\":\"pl-PL\"},{\"@type\":\"Organization\",\"@id\":\"https:\/\/mytrela.com\/#organization\",\"name\":\"MyTrela.com\",\"url\":\"https:\/\/mytrela.com\/\",\"logo\":{\"@type\":\"ImageObject\",\"inLanguage\":\"pl-PL\",\"@id\":\"https:\/\/mytrela.com\/#\/schema\/logo\/image\/\",\"url\":\"https:\/\/mytrela.com\/wp-content\/uploads\/2025\/09\/MyTrela.png\",\"contentUrl\":\"https:\/\/mytrela.com\/wp-content\/uploads\/2025\/09\/MyTrela.png\",\"width\":350,\"height\":100,\"caption\":\"MyTrela.com\"},\"image\":{\"@id\":\"https:\/\/mytrela.com\/#\/schema\/logo\/image\/\"}}]}<\/script>\n<!-- \/ Yoast SEO plugin. -->","yoast_head_json":{"title":"Program \u017bywieniowy - MyTrela.com","description":"Jedyna aplikacja z diet\u0105, kt\u00f3r\u0105 uk\u0142ada specjalista. Codziennie nowy jad\u0142ospis, motywacja i edukacja. Zobacz jak zrzuci\u0107 10 kg bez wysi\u0142ku i \u0107wicze\u0144!","robots":{"index":"index","follow":"follow","max-snippet":"max-snippet:-1","max-image-preview":"max-image-preview:large","max-video-preview":"max-video-preview:-1"},"canonical":"https:\/\/mytrela.com\/pl\/produkt\/program-zywieniowy\/","og_locale":"pl_PL","og_type":"article","og_title":"Program \u017bywieniowy - MyTrela.com","og_description":"Jedyna aplikacja z diet\u0105, kt\u00f3r\u0105 uk\u0142ada specjalista. Codziennie nowy jad\u0142ospis, motywacja i edukacja. Zobacz jak zrzuci\u0107 10 kg bez wysi\u0142ku i \u0107wicze\u0144!","og_url":"https:\/\/mytrela.com\/pl\/produkt\/program-zywieniowy\/","og_site_name":"MyTrela.com","article_modified_time":"2025-10-16T22:16:27+00:00","og_image":[{"width":700,"height":526,"url":"https:\/\/mytrela.com\/wp-content\/uploads\/2025\/09\/Miniaturki-do-Wooo-Produkty-24.png","type":"image\/png"}],"twitter_card":"summary_large_image","twitter_misc":{"Szacowany czas czytania":"1 minuta"},"schema":{"@context":"https:\/\/schema.org","@graph":[{"@type":"WebPage","@id":"https:\/\/mytrela.com\/pl\/produkt\/program-zywieniowy\/","url":"https:\/\/mytrela.com\/pl\/produkt\/program-zywieniowy\/","name":"Program \u017bywieniowy - MyTrela.com","isPartOf":{"@id":"https:\/\/mytrela.com\/#website"},"primaryImageOfPage":{"@id":"https:\/\/mytrela.com\/pl\/produkt\/program-zywieniowy\/#primaryimage"},"image":{"@id":"https:\/\/mytrela.com\/pl\/produkt\/program-zywieniowy\/#primaryimage"},"thumbnailUrl":"https:\/\/mytrela.com\/wp-content\/uploads\/2025\/09\/Miniaturki-do-Wooo-Produkty-24.png","datePublished":"2025-08-28T22:54:14+00:00","dateModified":"2025-10-16T22:16:27+00:00","description":"Jedyna aplikacja z diet\u0105, kt\u00f3r\u0105 uk\u0142ada specjalista. Codziennie nowy jad\u0142ospis, motywacja i edukacja. Zobacz jak zrzuci\u0107 10 kg bez wysi\u0142ku i \u0107wicze\u0144!","breadcrumb":{"@id":"https:\/\/mytrela.com\/pl\/produkt\/program-zywieniowy\/#breadcrumb"},"inLanguage":"pl-PL","potentialAction":[{"@type":"ReadAction","target":["https:\/\/mytrela.com\/pl\/produkt\/program-zywieniowy\/"]}]},{"@type":"ImageObject","inLanguage":"pl-PL","@id":"https:\/\/mytrela.com\/pl\/produkt\/program-zywieniowy\/#primaryimage","url":"https:\/\/mytrela.com\/wp-content\/uploads\/2025\/09\/Miniaturki-do-Wooo-Produkty-24.png","contentUrl":"https:\/\/mytrela.com\/wp-content\/uploads\/2025\/09\/Miniaturki-do-Wooo-Produkty-24.png","width":700,"height":526,"caption":"Dieta w aplikacji MyTrela"},{"@type":"BreadcrumbList","@id":"https:\/\/mytrela.com\/pl\/produkt\/program-zywieniowy\/#breadcrumb","itemListElement":[{"@type":"ListItem","position":1,"name":"Home","item":"https:\/\/mytrela.com\/pl\/"},{"@type":"ListItem","position":2,"name":"Products","item":"https:\/\/mytrela.com\/shop__trashed\/"},{"@type":"ListItem","position":3,"name":"Program \u017bywieniowy"}]},{"@type":"WebSite","@id":"https:\/\/mytrela.com\/#website","url":"https:\/\/mytrela.com\/","name":"MyTrela.com","description":"Dieta u\u0142o\u017cona pod Ciebie w Aplikacji Mobilnej","publisher":{"@id":"https:\/\/mytrela.com\/#organization"},"potentialAction":[{"@type":"SearchAction","target":{"@type":"EntryPoint","urlTemplate":"https:\/\/mytrela.com\/?s={search_term_string}"},"query-input":{"@type":"PropertyValueSpecification","valueRequired":true,"valueName":"search_term_string"}}],"inLanguage":"pl-PL"},{"@type":"Organization","@id":"https:\/\/mytrela.com\/#organization","name":"MyTrela.com","url":"https:\/\/mytrela.com\/","logo":{"@type":"ImageObject","inLanguage":"pl-PL","@id":"https:\/\/mytrela.com\/#\/schema\/logo\/image\/","url":"https:\/\/mytrela.com\/wp-content\/uploads\/2025\/09\/MyTrela.png","contentUrl":"https:\/\/mytrela.com\/wp-content\/uploads\/2025\/09\/MyTrela.png","width":350,"height":100,"caption":"MyTrela.com"},"image":{"@id":"https:\/\/mytrela.com\/#\/schema\/logo\/image\/"}}]}},"_links":{"self":[{"href":"https:\/\/mytrela.com\/pl\/wp-json\/wp\/v2\/product\/328","targetHints":{"allow":["GET"]}}],"collection":[{"href":"https:\/\/mytrela.com\/pl\/wp-json\/wp\/v2\/product"}],"about":[{"href":"https:\/\/mytrela.com\/pl\/wp-json\/wp\/v2\/types\/product"}],"replies":[{"embeddable":true,"href":"https:\/\/mytrela.com\/pl\/wp-json\/wp\/v2\/comments?post=328"}],"wp:featuredmedia":[{"embeddable":true,"href":"https:\/\/mytrela.com\/pl\/wp-json\/wp\/v2\/media\/329"}],"wp:attachment":[{"href":"https:\/\/mytrela.com\/pl\/wp-json\/wp\/v2\/media?parent=328"}],"wp:term":[{"taxonomy":"product_brand","embeddable":true,"href":"https:\/\/mytrela.com\/pl\/wp-json\/wp\/v2\/product_brand?post=328"},{"taxonomy":"product_cat","embeddable":true,"href":"https:\/\/mytrela.com\/pl\/wp-json\/wp\/v2\/product_cat?post=328"},{"taxonomy":"product_tag","embeddable":true,"href":"https:\/\/mytrela.com\/pl\/wp-json\/wp\/v2\/product_tag?post=328"}],"curies":[{"name":"wp","href":"https:\/\/api.w.org\/{rel}","templated":true}]}}