{"id":1959,"date":"2025-11-25T18:30:47","date_gmt":"2025-11-25T17:30:47","guid":{"rendered":"https:\/\/mytrela.com\/?page_id=1959"},"modified":"2025-11-25T18:52:41","modified_gmt":"2025-11-25T17:52:41","slug":"logowanie-partnera-2","status":"publish","type":"page","link":"https:\/\/mytrela.com\/pl\/logowanie-partnera-2\/","title":{"rendered":"Logowanie Partnera"},"content":{"rendered":"\t\t<div data-elementor-type=\"wp-page\" data-elementor-id=\"1959\" class=\"elementor elementor-1959\" data-elementor-post-type=\"page\">\n\t\t\t\t<div class=\"elementor-element elementor-element-d6022ae e-con-full e-flex e-con e-parent\" data-id=\"d6022ae\" data-element_type=\"container\">\n\t\t\t\t<\/div>\n\t\t<div class=\"elementor-element elementor-element-63bd82f e-grid e-con-full e-con e-parent\" data-id=\"63bd82f\" data-element_type=\"container\">\n\t\t\t\t<div class=\"elementor-element elementor-element-973b98a elementor-widget elementor-widget-html\" data-id=\"973b98a\" data-element_type=\"widget\" data-widget_type=\"html.default\">\n\t\t\t\t\t<div class=\"affwp-login-wrapper\">\n\n    <div class=\"affwp-login-box\">\n        <h2>Logowanie Partnera<\/h2>\n        <p class=\"subtitle\">Zaloguj si\u0119, aby uzyska\u0107 dost\u0119p do swojego panelu afiliacyjnego.<\/p>\n\n        <!-- Formularz logowania AffiliateWP -->\n        \n<form id=\"affwp-login-form-3813\" class=\"affwp-form affwp-login-form\" action=\"\" method=\"post\">\n\t\n\t<fieldset>\n\t\t<legend>Zaloguj si\u0119 na swoje konto<\/legend>\n\n\t\t\n\t\t<p>\n\t\t\t<label for=\"affwp-login-user-login\">Nazwa u\u017cytkownika<\/label>\n\t\t\t<input id=\"affwp-login-user-login\" class=\"required\" type=\"text\" name=\"affwp_user_login\" title=\"Nazwa u\u017cytkownika\" \/>\n\t\t<\/p>\n\n\t\t<p>\n\t\t\t<label for=\"affwp-login-user-pass\">Has\u0142o<\/label>\n\t\t\t<input id=\"affwp-login-user-pass\" class=\"password required\" type=\"password\" name=\"affwp_user_pass\" \/>\n\t\t<\/p>\n\n\t\t<p>\n\t\t\t<label class=\"affwp-user-remember\" for=\"affwp-user-remember\">\n\t\t\t\t<input id=\"affwp-user-remember\" type=\"checkbox\" name=\"affwp_user_remember\" value=\"1\" \/> Pami\u0119taj mnie\t\t\t<\/label>\n\t\t<\/p>\n\n\n\t\t<p>\n\t\t\t<input type=\"hidden\" name=\"affwp_redirect\" value=\"https:\/\/mytrela.com\/pl\/logowanie-partnera-2\/\"\/>\n\t\t\t<input type=\"hidden\" name=\"affwp_login_nonce\" value=\"b77d3d3b0e\" \/>\n\t\t\t<input type=\"hidden\" name=\"affwp_action\" value=\"user_login\" \/>\n\n\t\t\t<input type=\"submit\" class=\"button\" value=\"Logowanie\" \/>\t\t<\/p>\n\n\t\t<p class=\"affwp-lost-password\">\n\t\t\t<a href=\"https:\/\/mytrela.com\/pl\/moje-konto\/lost-password\/\">Zapomnia\u0142e\u015b has\u0142o?<\/a>\n\t\t<\/p>\n\n\t\t\t<\/fieldset>\n\n\t<\/form>\n\n    <\/div>\n\n<\/div>\n\n<style>\n\/* ------------------------------ *\/\n\/*   G\u0141\u00d3WNY WRAPPER               *\/\n\/* ------------------------------ *\/\n.affwp-login-wrapper {\n    max-width: 480px;\n    margin: 0 auto;\n    padding: 40px 20px;\n    font-family: 'Inter', sans-serif;\n}\n\n\/* ------------------------------ *\/\n\/*   KARTA LOGOWANIA              *\/\n\/* ------------------------------ *\/\n.affwp-login-box {\n    background: #ffffff;\n    padding: 35px;\n    border-radius: 22px;\n    box-shadow: 0px 6px 20px rgba(0,0,0,0.06);\n}\n\n.affwp-login-box h2 {\n    text-align: center;\n    margin-bottom: 10px;\n    font-size: 28px;\n    font-weight: 700;\n}\n\n.affwp-login-box .subtitle {\n    text-align: center;\n    color: #666;\n    margin-bottom: 25px;\n    font-size: 15px;\n}\n\n\/* ------------------------------ *\/\n\/*   FORMULARZ AffiliateWP        *\/\n\/* ------------------------------ *\/\n\n.affwp-form {\n    margin-top: 10px;\n}\n\n\/* R\u00f3wne odst\u0119py mi\u0119dzy polami *\/\n.affwp-form p {\n    margin-bottom: 18px !important;\n}\n\n\/* Label *\/\n.affwp-form label {\n    display: block;\n    margin-bottom: 6px;\n    font-weight: 500;\n    color: #333;\n}\n\n\/* Pola input *\/\n.affwp-form input[type=\"text\"],\n.affwp-form input[type=\"email\"],\n.affwp-form input[type=\"password\"] {\n    width: 100%;\n    padding: 14px 16px;\n    border-radius: 14px;\n    border: 1px solid #ddd;\n    background: #f9fafb;\n    font-size: 15px;\n    transition: all .25s ease;\n}\n\n.affwp-form input:focus {\n    background: #fff;\n    border-color: #4C99F8;\n    box-shadow: 0 0 0 3px rgba(76,153,248,0.18);\n}\n\n\/* Checkbox *\/\n.affwp-form input[type=\"checkbox\"] {\n    margin-right: 6px;\n}\n\n\/* Przycisk logowania *\/\n.affwp-form input[type=\"submit\"] {\n    width: 100%;\n    background: linear-gradient(135deg, #4BD2C3, #4BD2C3);\n    border: none;\n    padding: 14px 16px;\n    border-radius: 14px;\n    font-size: 16px;\n    font-weight: 600;\n    color: #fff;\n    cursor: pointer;\n    margin-top: 10px;\n    transition: all .25s ease;\n}\n\n.affwp-form input[type=\"submit\"]:hover {\n    transform: translateY(-2px);\n    box-shadow: 0px 8px 20px rgba(76,153,248,0.25);\n}\n\n\/* Link: Zapomnia\u0142e\u015b has\u0142a? *\/\n.affwp-login-box a {\n    color: #4C99F8;\n    text-decoration: none;\n    font-weight: 500;\n    transition: color .25s ease;\n}\n\n.affwp-login-box a:hover {\n    color: #2a76d8;\n}\n\n\/* Komunikaty o b\u0142\u0119dach *\/\n.affwp-error,\n.affwp-errors {\n    background: #ffeaea;\n    border-left: 4px solid #ff6b6b;\n    padding: 12px 15px;\n    border-radius: 10px;\n    color: #b40000;\n}\n\n\/* Sukces *\/\n.affwp-notice-success {\n    background: #eaffe6;\n    border-left: 4px solid #3ac14b;\n    padding: 12px 15px;\n    border-radius: 10px;\n    color: #1b7a2b;\n}\n<\/style>\n\t\t\t\t<\/div>\n\t\t\t\t<\/div>\n\t\t\t\t<\/div>\n\t\t","protected":false},"excerpt":{"rendered":"<p>Logowanie Partnera Zaloguj si\u0119, aby uzyska\u0107 dost\u0119p do swojego panelu afiliacyjnego.<\/p>\n","protected":false},"author":1,"featured_media":0,"parent":0,"menu_order":0,"comment_status":"closed","ping_status":"closed","template":"","meta":{"footnotes":""},"class_list":["post-1959","page","type-page","status-publish","hentry"],"yoast_head":"<!-- This site is optimized with the Yoast SEO plugin v26.1 - https:\/\/yoast.com\/wordpress\/plugins\/seo\/ -->\n<title>Logowanie Partnera - MyTrela.com<\/title>\n<meta name=\"robots\" content=\"index, follow, max-snippet:-1, max-image-preview:large, max-video-preview:-1\" \/>\n<link rel=\"canonical\" href=\"https:\/\/mytrela.com\/pl\/logowanie-partnera-2\/\" \/>\n<meta property=\"og:locale\" content=\"pl_PL\" \/>\n<meta property=\"og:type\" content=\"article\" \/>\n<meta property=\"og:title\" content=\"Logowanie Partnera - MyTrela.com\" \/>\n<meta property=\"og:description\" content=\"Logowanie Partnera Zaloguj si\u0119, aby uzyska\u0107 dost\u0119p do swojego panelu afiliacyjnego.\" \/>\n<meta property=\"og:url\" content=\"https:\/\/mytrela.com\/pl\/logowanie-partnera-2\/\" \/>\n<meta property=\"og:site_name\" content=\"MyTrela.com\" \/>\n<meta property=\"article:modified_time\" content=\"2025-11-25T17:52:41+00:00\" \/>\n<meta name=\"twitter:card\" content=\"summary_large_image\" \/>\n<meta name=\"twitter:label1\" content=\"Szacowany czas czytania\" \/>\n\t<meta name=\"twitter:data1\" content=\"2 minuty\" \/>\n<script type=\"application\/ld+json\" class=\"yoast-schema-graph\">{\"@context\":\"https:\/\/schema.org\",\"@graph\":[{\"@type\":\"WebPage\",\"@id\":\"https:\/\/mytrela.com\/pl\/logowanie-partnera-2\/\",\"url\":\"https:\/\/mytrela.com\/pl\/logowanie-partnera-2\/\",\"name\":\"Logowanie Partnera - MyTrela.com\",\"isPartOf\":{\"@id\":\"https:\/\/mytrela.com\/#website\"},\"datePublished\":\"2025-11-25T17:30:47+00:00\",\"dateModified\":\"2025-11-25T17:52:41+00:00\",\"breadcrumb\":{\"@id\":\"https:\/\/mytrela.com\/pl\/logowanie-partnera-2\/#breadcrumb\"},\"inLanguage\":\"pl-PL\",\"potentialAction\":[{\"@type\":\"ReadAction\",\"target\":[\"https:\/\/mytrela.com\/pl\/logowanie-partnera-2\/\"]}]},{\"@type\":\"BreadcrumbList\",\"@id\":\"https:\/\/mytrela.com\/pl\/logowanie-partnera-2\/#breadcrumb\",\"itemListElement\":[{\"@type\":\"ListItem\",\"position\":1,\"name\":\"Home\",\"item\":\"https:\/\/mytrela.com\/pl\/\"},{\"@type\":\"ListItem\",\"position\":2,\"name\":\"Logowanie Partnera\"}]},{\"@type\":\"WebSite\",\"@id\":\"https:\/\/mytrela.com\/#website\",\"url\":\"https:\/\/mytrela.com\/\",\"name\":\"MyTrela.com\",\"description\":\"Dieta u\u0142o\u017cona pod Ciebie w Aplikacji Mobilnej\",\"publisher\":{\"@id\":\"https:\/\/mytrela.com\/#organization\"},\"potentialAction\":[{\"@type\":\"SearchAction\",\"target\":{\"@type\":\"EntryPoint\",\"urlTemplate\":\"https:\/\/mytrela.com\/?s={search_term_string}\"},\"query-input\":{\"@type\":\"PropertyValueSpecification\",\"valueRequired\":true,\"valueName\":\"search_term_string\"}}],\"inLanguage\":\"pl-PL\"},{\"@type\":\"Organization\",\"@id\":\"https:\/\/mytrela.com\/#organization\",\"name\":\"MyTrela.com\",\"url\":\"https:\/\/mytrela.com\/\",\"logo\":{\"@type\":\"ImageObject\",\"inLanguage\":\"pl-PL\",\"@id\":\"https:\/\/mytrela.com\/#\/schema\/logo\/image\/\",\"url\":\"https:\/\/mytrela.com\/wp-content\/uploads\/2025\/09\/MyTrela.png\",\"contentUrl\":\"https:\/\/mytrela.com\/wp-content\/uploads\/2025\/09\/MyTrela.png\",\"width\":350,\"height\":100,\"caption\":\"MyTrela.com\"},\"image\":{\"@id\":\"https:\/\/mytrela.com\/#\/schema\/logo\/image\/\"}}]}<\/script>\n<!-- \/ Yoast SEO plugin. -->","yoast_head_json":{"title":"Logowanie Partnera - MyTrela.com","robots":{"index":"index","follow":"follow","max-snippet":"max-snippet:-1","max-image-preview":"max-image-preview:large","max-video-preview":"max-video-preview:-1"},"canonical":"https:\/\/mytrela.com\/pl\/logowanie-partnera-2\/","og_locale":"pl_PL","og_type":"article","og_title":"Logowanie Partnera - MyTrela.com","og_description":"Logowanie Partnera Zaloguj si\u0119, aby uzyska\u0107 dost\u0119p do swojego panelu afiliacyjnego.","og_url":"https:\/\/mytrela.com\/pl\/logowanie-partnera-2\/","og_site_name":"MyTrela.com","article_modified_time":"2025-11-25T17:52:41+00:00","twitter_card":"summary_large_image","twitter_misc":{"Szacowany czas czytania":"2 minuty"},"schema":{"@context":"https:\/\/schema.org","@graph":[{"@type":"WebPage","@id":"https:\/\/mytrela.com\/pl\/logowanie-partnera-2\/","url":"https:\/\/mytrela.com\/pl\/logowanie-partnera-2\/","name":"Logowanie Partnera - MyTrela.com","isPartOf":{"@id":"https:\/\/mytrela.com\/#website"},"datePublished":"2025-11-25T17:30:47+00:00","dateModified":"2025-11-25T17:52:41+00:00","breadcrumb":{"@id":"https:\/\/mytrela.com\/pl\/logowanie-partnera-2\/#breadcrumb"},"inLanguage":"pl-PL","potentialAction":[{"@type":"ReadAction","target":["https:\/\/mytrela.com\/pl\/logowanie-partnera-2\/"]}]},{"@type":"BreadcrumbList","@id":"https:\/\/mytrela.com\/pl\/logowanie-partnera-2\/#breadcrumb","itemListElement":[{"@type":"ListItem","position":1,"name":"Home","item":"https:\/\/mytrela.com\/pl\/"},{"@type":"ListItem","position":2,"name":"Logowanie Partnera"}]},{"@type":"WebSite","@id":"https:\/\/mytrela.com\/#website","url":"https:\/\/mytrela.com\/","name":"MyTrela.com","description":"Dieta u\u0142o\u017cona pod Ciebie w Aplikacji Mobilnej","publisher":{"@id":"https:\/\/mytrela.com\/#organization"},"potentialAction":[{"@type":"SearchAction","target":{"@type":"EntryPoint","urlTemplate":"https:\/\/mytrela.com\/?s={search_term_string}"},"query-input":{"@type":"PropertyValueSpecification","valueRequired":true,"valueName":"search_term_string"}}],"inLanguage":"pl-PL"},{"@type":"Organization","@id":"https:\/\/mytrela.com\/#organization","name":"MyTrela.com","url":"https:\/\/mytrela.com\/","logo":{"@type":"ImageObject","inLanguage":"pl-PL","@id":"https:\/\/mytrela.com\/#\/schema\/logo\/image\/","url":"https:\/\/mytrela.com\/wp-content\/uploads\/2025\/09\/MyTrela.png","contentUrl":"https:\/\/mytrela.com\/wp-content\/uploads\/2025\/09\/MyTrela.png","width":350,"height":100,"caption":"MyTrela.com"},"image":{"@id":"https:\/\/mytrela.com\/#\/schema\/logo\/image\/"}}]}},"_links":{"self":[{"href":"https:\/\/mytrela.com\/pl\/wp-json\/wp\/v2\/pages\/1959","targetHints":{"allow":["GET"]}}],"collection":[{"href":"https:\/\/mytrela.com\/pl\/wp-json\/wp\/v2\/pages"}],"about":[{"href":"https:\/\/mytrela.com\/pl\/wp-json\/wp\/v2\/types\/page"}],"author":[{"embeddable":true,"href":"https:\/\/mytrela.com\/pl\/wp-json\/wp\/v2\/users\/1"}],"replies":[{"embeddable":true,"href":"https:\/\/mytrela.com\/pl\/wp-json\/wp\/v2\/comments?post=1959"}],"version-history":[{"count":10,"href":"https:\/\/mytrela.com\/pl\/wp-json\/wp\/v2\/pages\/1959\/revisions"}],"predecessor-version":[{"id":1970,"href":"https:\/\/mytrela.com\/pl\/wp-json\/wp\/v2\/pages\/1959\/revisions\/1970"}],"wp:attachment":[{"href":"https:\/\/mytrela.com\/pl\/wp-json\/wp\/v2\/media?parent=1959"}],"curies":[{"name":"wp","href":"https:\/\/api.w.org\/{rel}","templated":true}]}}